{"id":37,"date":"2011-05-03T13:34:18","date_gmt":"2011-05-03T13:34:18","guid":{"rendered":"http:\/\/roadseguridad.com.ar\/wp_files\/?page_id=37"},"modified":"2022-07-08T16:02:24","modified_gmt":"2022-07-08T19:02:24","slug":"pedir-cotizacion","status":"publish","type":"page","link":"https:\/\/roadseguridad.com.ar\/wp_files\/pedir-cotizacion","title":{"rendered":"Cotice Su Stand En Ferias"},"content":{"rendered":"<h2>Estimado Cliente:<\/h2>\n<p>La exposici\u00f3n cuenta con un servicio de seguridad general. Si desea adquirir este servicio en forma exclusiva para su stand, deber\u00e1 completar el siguiente formulario, con los datos solicitados y de este modo obtendr\u00e1 la cotizaci\u00f3n del mismo.(Tenga a bien completar todos los datos).<\/p>\n<p>El valor del servicio es $1242 +IVA para el periodo Julio\/Setiempre 2022.<\/p>\n","protected":false},"excerpt":{"rendered":"<p>Estimado Cliente: La exposici\u00f3n cuenta con un servicio de seguridad general. Si desea adquirir este servicio en forma exclusiva para su stand, deber\u00e1 completar el siguiente formulario, con los datos solicitados y de este modo obtendr\u00e1 la cotizaci\u00f3n del mismo.(Tenga a bien completar todos los datos). El valor del servicio es $1242 +IVA para el [&hellip;]<\/p>\n","protected":false},"author":1,"featured_media":0,"parent":0,"menu_order":4,"comment_status":"open","ping_status":"closed","template":"cotizacion.php","meta":[],"yoast_head":"<!-- This site is optimized with the Yoast SEO plugin v18.0 - https:\/\/yoast.com\/wordpress\/plugins\/seo\/ -->\n<meta name=\"robots\" content=\"index, follow, max-snippet:-1, max-image-preview:large, max-video-preview:-1\" \/>\n<link rel=\"canonical\" href=\"https:\/\/roadseguridad.com.ar\/wp_files\/pedir-cotizacion\" \/>\n<meta property=\"og:locale\" content=\"es_ES\" \/>\n<meta property=\"og:type\" content=\"article\" \/>\n<meta property=\"og:title\" content=\"Cotice Su Stand En Ferias - Road Seguridad\" \/>\n<meta property=\"og:description\" content=\"Estimado Cliente: La exposici\u00f3n cuenta con un servicio de seguridad general. Si desea adquirir este servicio en forma exclusiva para su stand, deber\u00e1 completar el siguiente formulario, con los datos solicitados y de este modo obtendr\u00e1 la cotizaci\u00f3n del mismo.(Tenga a bien completar todos los datos). El valor del servicio es $1242 +IVA para el [&hellip;]\" \/>\n<meta property=\"og:url\" content=\"https:\/\/roadseguridad.com.ar\/wp_files\/pedir-cotizacion\" \/>\n<meta property=\"og:site_name\" content=\"Road Seguridad\" \/>\n<meta property=\"article:modified_time\" content=\"2022-07-08T19:02:24+00:00\" \/>\n<meta name=\"twitter:label1\" content=\"Tiempo de lectura\" \/>\n\t<meta name=\"twitter:data1\" content=\"1 minuto\" \/>\n<script type=\"application\/ld+json\" class=\"yoast-schema-graph\">{\"@context\":\"https:\/\/schema.org\",\"@graph\":[{\"@type\":\"WebSite\",\"@id\":\"https:\/\/roadseguridad.com.ar\/wp_files\/#website\",\"url\":\"https:\/\/roadseguridad.com.ar\/wp_files\/\",\"name\":\"Road Seguridad\",\"description\":\"Toda nuestra experiencia al servicio de su tranquildad\",\"potentialAction\":[{\"@type\":\"SearchAction\",\"target\":{\"@type\":\"EntryPoint\",\"urlTemplate\":\"https:\/\/roadseguridad.com.ar\/wp_files\/?s={search_term_string}\"},\"query-input\":\"required name=search_term_string\"}],\"inLanguage\":\"es-AR\"},{\"@type\":\"WebPage\",\"@id\":\"https:\/\/roadseguridad.com.ar\/wp_files\/pedir-cotizacion#webpage\",\"url\":\"https:\/\/roadseguridad.com.ar\/wp_files\/pedir-cotizacion\",\"name\":\"Cotice Su Stand En Ferias - Road Seguridad\",\"isPartOf\":{\"@id\":\"https:\/\/roadseguridad.com.ar\/wp_files\/#website\"},\"datePublished\":\"2011-05-03T13:34:18+00:00\",\"dateModified\":\"2022-07-08T19:02:24+00:00\",\"breadcrumb\":{\"@id\":\"https:\/\/roadseguridad.com.ar\/wp_files\/pedir-cotizacion#breadcrumb\"},\"inLanguage\":\"es-AR\",\"potentialAction\":[{\"@type\":\"ReadAction\",\"target\":[\"https:\/\/roadseguridad.com.ar\/wp_files\/pedir-cotizacion\"]}]},{\"@type\":\"BreadcrumbList\",\"@id\":\"https:\/\/roadseguridad.com.ar\/wp_files\/pedir-cotizacion#breadcrumb\",\"itemListElement\":[{\"@type\":\"ListItem\",\"position\":1,\"name\":\"Cotice Su Stand En Ferias\"}]}]}<\/script>\n<!-- \/ Yoast SEO plugin. -->","yoast_head_json":{"robots":{"index":"index","follow":"follow","max-snippet":"max-snippet:-1","max-image-preview":"max-image-preview:large","max-video-preview":"max-video-preview:-1"},"canonical":"https:\/\/roadseguridad.com.ar\/wp_files\/pedir-cotizacion","og_locale":"es_ES","og_type":"article","og_title":"Cotice Su Stand En Ferias - Road Seguridad","og_description":"Estimado Cliente: La exposici\u00f3n cuenta con un servicio de seguridad general. Si desea adquirir este servicio en forma exclusiva para su stand, deber\u00e1 completar el siguiente formulario, con los datos solicitados y de este modo obtendr\u00e1 la cotizaci\u00f3n del mismo.(Tenga a bien completar todos los datos). El valor del servicio es $1242 +IVA para el [&hellip;]","og_url":"https:\/\/roadseguridad.com.ar\/wp_files\/pedir-cotizacion","og_site_name":"Road Seguridad","article_modified_time":"2022-07-08T19:02:24+00:00","twitter_misc":{"Tiempo de lectura":"1 minuto"},"schema":{"@context":"https:\/\/schema.org","@graph":[{"@type":"WebSite","@id":"https:\/\/roadseguridad.com.ar\/wp_files\/#website","url":"https:\/\/roadseguridad.com.ar\/wp_files\/","name":"Road Seguridad","description":"Toda nuestra experiencia al servicio de su tranquildad","potentialAction":[{"@type":"SearchAction","target":{"@type":"EntryPoint","urlTemplate":"https:\/\/roadseguridad.com.ar\/wp_files\/?s={search_term_string}"},"query-input":"required name=search_term_string"}],"inLanguage":"es-AR"},{"@type":"WebPage","@id":"https:\/\/roadseguridad.com.ar\/wp_files\/pedir-cotizacion#webpage","url":"https:\/\/roadseguridad.com.ar\/wp_files\/pedir-cotizacion","name":"Cotice Su Stand En Ferias - Road Seguridad","isPartOf":{"@id":"https:\/\/roadseguridad.com.ar\/wp_files\/#website"},"datePublished":"2011-05-03T13:34:18+00:00","dateModified":"2022-07-08T19:02:24+00:00","breadcrumb":{"@id":"https:\/\/roadseguridad.com.ar\/wp_files\/pedir-cotizacion#breadcrumb"},"inLanguage":"es-AR","potentialAction":[{"@type":"ReadAction","target":["https:\/\/roadseguridad.com.ar\/wp_files\/pedir-cotizacion"]}]},{"@type":"BreadcrumbList","@id":"https:\/\/roadseguridad.com.ar\/wp_files\/pedir-cotizacion#breadcrumb","itemListElement":[{"@type":"ListItem","position":1,"name":"Cotice Su Stand En Ferias"}]}]}},"_links":{"self":[{"href":"https:\/\/roadseguridad.com.ar\/wp_files\/wp-json\/wp\/v2\/pages\/37"}],"collection":[{"href":"https:\/\/roadseguridad.com.ar\/wp_files\/wp-json\/wp\/v2\/pages"}],"about":[{"href":"https:\/\/roadseguridad.com.ar\/wp_files\/wp-json\/wp\/v2\/types\/page"}],"author":[{"embeddable":true,"href":"https:\/\/roadseguridad.com.ar\/wp_files\/wp-json\/wp\/v2\/users\/1"}],"replies":[{"embeddable":true,"href":"https:\/\/roadseguridad.com.ar\/wp_files\/wp-json\/wp\/v2\/comments?post=37"}],"version-history":[{"count":10,"href":"https:\/\/roadseguridad.com.ar\/wp_files\/wp-json\/wp\/v2\/pages\/37\/revisions"}],"predecessor-version":[{"id":79,"href":"https:\/\/roadseguridad.com.ar\/wp_files\/wp-json\/wp\/v2\/pages\/37\/revisions\/79"}],"wp:attachment":[{"href":"https:\/\/roadseguridad.com.ar\/wp_files\/wp-json\/wp\/v2\/media?parent=37"}],"curies":[{"name":"wp","href":"https:\/\/api.w.org\/{rel}","templated":true}]}}