{"id":25,"date":"2011-05-03T12:26:38","date_gmt":"2011-05-03T12:26:38","guid":{"rendered":"http:\/\/roadseguridad.com.ar\/wp_files\/?page_id=25"},"modified":"2011-05-03T20:50:10","modified_gmt":"2011-05-03T20:50:10","slug":"inteligencia","status":"publish","type":"page","link":"https:\/\/roadseguridad.com.ar\/wp_files\/servicios\/inteligencia","title":{"rendered":"Inteligencia"},"content":{"rendered":"<p><\/p>\n<ul>\n<li>Confecci\u00f3n de Estudios de Seguridad de objetivos.<\/li>\n<li>Confecci\u00f3n de Informes personales, legales, laborales y comerciales.<\/li>\n<li>Inteligencia en delitos a nivel ejecutivos.<\/li>\n<li>Infiltraciones.<\/li>\n<li>Informes Ambientales.<\/li>\n<li>Averiguaci\u00f3n de Paraderos.<\/li>\n<li>Encuesta de imagen y credibilidad empresaria reservada o abierta.<\/li>\n<li>Preservaci\u00f3n del Secreto empresario.<\/li>\n<li>T\u00e9cnicas de Prevenci\u00f3n y lucha contra incendios.<\/li>\n<\/ul>\n","protected":false},"excerpt":{"rendered":"<p>Confecci\u00f3n de Estudios de Seguridad de objetivos. Confecci\u00f3n de Informes personales, legales, laborales y comerciales. Inteligencia en delitos a nivel ejecutivos. Infiltraciones. Informes Ambientales. Averiguaci\u00f3n de Paraderos. Encuesta de imagen y credibilidad empresaria reservada o abierta. Preservaci\u00f3n del Secreto empresario. T\u00e9cnicas de Prevenci\u00f3n y lucha contra incendios.<\/p>\n","protected":false},"author":1,"featured_media":0,"parent":13,"menu_order":0,"comment_status":"open","ping_status":"open","template":"","meta":[],"yoast_head":"<!-- This site is optimized with the Yoast SEO plugin v18.0 - https:\/\/yoast.com\/wordpress\/plugins\/seo\/ -->\n<meta name=\"robots\" content=\"index, follow, max-snippet:-1, max-image-preview:large, max-video-preview:-1\" \/>\n<link rel=\"canonical\" href=\"https:\/\/roadseguridad.com.ar\/wp_files\/servicios\/inteligencia\" \/>\n<meta property=\"og:locale\" content=\"es_ES\" \/>\n<meta property=\"og:type\" content=\"article\" \/>\n<meta property=\"og:title\" content=\"Inteligencia - Road Seguridad\" \/>\n<meta property=\"og:description\" content=\"Confecci\u00f3n de Estudios de Seguridad de objetivos. Confecci\u00f3n de Informes personales, legales, laborales y comerciales. Inteligencia en delitos a nivel ejecutivos. Infiltraciones. Informes Ambientales. Averiguaci\u00f3n de Paraderos. Encuesta de imagen y credibilidad empresaria reservada o abierta. Preservaci\u00f3n del Secreto empresario. T\u00e9cnicas de Prevenci\u00f3n y lucha contra incendios.\" \/>\n<meta property=\"og:url\" content=\"https:\/\/roadseguridad.com.ar\/wp_files\/servicios\/inteligencia\" \/>\n<meta property=\"og:site_name\" content=\"Road Seguridad\" \/>\n<meta property=\"article:modified_time\" content=\"2011-05-03T20:50:10+00:00\" \/>\n<script type=\"application\/ld+json\" class=\"yoast-schema-graph\">{\"@context\":\"https:\/\/schema.org\",\"@graph\":[{\"@type\":\"WebSite\",\"@id\":\"https:\/\/roadseguridad.com.ar\/wp_files\/#website\",\"url\":\"https:\/\/roadseguridad.com.ar\/wp_files\/\",\"name\":\"Road Seguridad\",\"description\":\"Toda nuestra experiencia al servicio de su tranquildad\",\"potentialAction\":[{\"@type\":\"SearchAction\",\"target\":{\"@type\":\"EntryPoint\",\"urlTemplate\":\"https:\/\/roadseguridad.com.ar\/wp_files\/?s={search_term_string}\"},\"query-input\":\"required name=search_term_string\"}],\"inLanguage\":\"es-AR\"},{\"@type\":\"WebPage\",\"@id\":\"https:\/\/roadseguridad.com.ar\/wp_files\/servicios\/inteligencia#webpage\",\"url\":\"https:\/\/roadseguridad.com.ar\/wp_files\/servicios\/inteligencia\",\"name\":\"Inteligencia - Road Seguridad\",\"isPartOf\":{\"@id\":\"https:\/\/roadseguridad.com.ar\/wp_files\/#website\"},\"datePublished\":\"2011-05-03T12:26:38+00:00\",\"dateModified\":\"2011-05-03T20:50:10+00:00\",\"breadcrumb\":{\"@id\":\"https:\/\/roadseguridad.com.ar\/wp_files\/servicios\/inteligencia#breadcrumb\"},\"inLanguage\":\"es-AR\",\"potentialAction\":[{\"@type\":\"ReadAction\",\"target\":[\"https:\/\/roadseguridad.com.ar\/wp_files\/servicios\/inteligencia\"]}]},{\"@type\":\"BreadcrumbList\",\"@id\":\"https:\/\/roadseguridad.com.ar\/wp_files\/servicios\/inteligencia#breadcrumb\",\"itemListElement\":[{\"@type\":\"ListItem\",\"position\":1,\"name\":\"Servicios\",\"item\":\"https:\/\/roadseguridad.com.ar\/wp_files\/servicios\"},{\"@type\":\"ListItem\",\"position\":2,\"name\":\"Inteligencia\"}]}]}<\/script>\n<!-- \/ Yoast SEO plugin. -->","yoast_head_json":{"robots":{"index":"index","follow":"follow","max-snippet":"max-snippet:-1","max-image-preview":"max-image-preview:large","max-video-preview":"max-video-preview:-1"},"canonical":"https:\/\/roadseguridad.com.ar\/wp_files\/servicios\/inteligencia","og_locale":"es_ES","og_type":"article","og_title":"Inteligencia - Road Seguridad","og_description":"Confecci\u00f3n de Estudios de Seguridad de objetivos. Confecci\u00f3n de Informes personales, legales, laborales y comerciales. Inteligencia en delitos a nivel ejecutivos. Infiltraciones. Informes Ambientales. Averiguaci\u00f3n de Paraderos. Encuesta de imagen y credibilidad empresaria reservada o abierta. Preservaci\u00f3n del Secreto empresario. T\u00e9cnicas de Prevenci\u00f3n y lucha contra incendios.","og_url":"https:\/\/roadseguridad.com.ar\/wp_files\/servicios\/inteligencia","og_site_name":"Road Seguridad","article_modified_time":"2011-05-03T20:50:10+00:00","schema":{"@context":"https:\/\/schema.org","@graph":[{"@type":"WebSite","@id":"https:\/\/roadseguridad.com.ar\/wp_files\/#website","url":"https:\/\/roadseguridad.com.ar\/wp_files\/","name":"Road Seguridad","description":"Toda nuestra experiencia al servicio de su tranquildad","potentialAction":[{"@type":"SearchAction","target":{"@type":"EntryPoint","urlTemplate":"https:\/\/roadseguridad.com.ar\/wp_files\/?s={search_term_string}"},"query-input":"required name=search_term_string"}],"inLanguage":"es-AR"},{"@type":"WebPage","@id":"https:\/\/roadseguridad.com.ar\/wp_files\/servicios\/inteligencia#webpage","url":"https:\/\/roadseguridad.com.ar\/wp_files\/servicios\/inteligencia","name":"Inteligencia - Road Seguridad","isPartOf":{"@id":"https:\/\/roadseguridad.com.ar\/wp_files\/#website"},"datePublished":"2011-05-03T12:26:38+00:00","dateModified":"2011-05-03T20:50:10+00:00","breadcrumb":{"@id":"https:\/\/roadseguridad.com.ar\/wp_files\/servicios\/inteligencia#breadcrumb"},"inLanguage":"es-AR","potentialAction":[{"@type":"ReadAction","target":["https:\/\/roadseguridad.com.ar\/wp_files\/servicios\/inteligencia"]}]},{"@type":"BreadcrumbList","@id":"https:\/\/roadseguridad.com.ar\/wp_files\/servicios\/inteligencia#breadcrumb","itemListElement":[{"@type":"ListItem","position":1,"name":"Servicios","item":"https:\/\/roadseguridad.com.ar\/wp_files\/servicios"},{"@type":"ListItem","position":2,"name":"Inteligencia"}]}]}},"_links":{"self":[{"href":"https:\/\/roadseguridad.com.ar\/wp_files\/wp-json\/wp\/v2\/pages\/25"}],"collection":[{"href":"https:\/\/roadseguridad.com.ar\/wp_files\/wp-json\/wp\/v2\/pages"}],"about":[{"href":"https:\/\/roadseguridad.com.ar\/wp_files\/wp-json\/wp\/v2\/types\/page"}],"author":[{"embeddable":true,"href":"https:\/\/roadseguridad.com.ar\/wp_files\/wp-json\/wp\/v2\/users\/1"}],"replies":[{"embeddable":true,"href":"https:\/\/roadseguridad.com.ar\/wp_files\/wp-json\/wp\/v2\/comments?post=25"}],"version-history":[{"count":3,"href":"https:\/\/roadseguridad.com.ar\/wp_files\/wp-json\/wp\/v2\/pages\/25\/revisions"}],"predecessor-version":[{"id":46,"href":"https:\/\/roadseguridad.com.ar\/wp_files\/wp-json\/wp\/v2\/pages\/25\/revisions\/46"}],"up":[{"embeddable":true,"href":"https:\/\/roadseguridad.com.ar\/wp_files\/wp-json\/wp\/v2\/pages\/13"}],"wp:attachment":[{"href":"https:\/\/roadseguridad.com.ar\/wp_files\/wp-json\/wp\/v2\/media?parent=25"}],"curies":[{"name":"wp","href":"https:\/\/api.w.org\/{rel}","templated":true}]}}