{"id":17,"date":"2011-04-29T21:07:16","date_gmt":"2011-04-29T21:07:16","guid":{"rendered":"http:\/\/roadseguridad.com.ar\/wp_files\/?page_id=17"},"modified":"2022-01-09T05:41:05","modified_gmt":"2022-01-09T08:41:05","slug":"contacto","status":"publish","type":"page","link":"https:\/\/roadseguridad.com.ar\/wp_files\/contacto","title":{"rendered":"Contacto"},"content":{"rendered":"<p style=\"text-align: left;\">Esteban Echeverr\u00eda 2864 Munro (1605)<\/p>\n<p style=\"text-align: left;\">Tel: 011 4756-5691<\/p>\n<p style=\"text-align: left;\">Tel: 011 4756-1435<\/p>\n<p style=\"text-align: left;\">Email: <span style=\"color: #ff0000;\"><a style=\"color: #ff0000;\" href=\"mailto:info@roadseguridad.com.ar\">info@roadseguridad.com.ar<\/a><\/span><\/p>\n<p><strong>ASESORES LEGALES LABORALES<\/strong><br \/>ESTUDIO DR. N\u00c9STOR GUTI\u00c9RREZ. Lavalle 1737. 7\u00ba Piso. Capital Federal.<br \/><strong>IMPOSITIVOS CONTABLES<\/strong><br \/>ESTUDIO DR. ANTONIO RIESCO Alsina 1317 P.2\u00ba Of. \u201c10\u201d Capital Federal.<\/p>\n<p><strong>REFERENCIAS BANCARIAS<\/strong><br \/>H.S.B.C. Sucursal la Piedad (661). Capital Federal. CUENTA N\u00ba 6613205694<\/p>\n<p><strong>HABILITACIONES LEGALES:<\/strong><br \/><strong>DIRECCION GENERAL DE SERVICIOS DE SEGURIDAD PRIVADA<\/strong><br \/>Disposici\u00f3n: N\u00ba: 00071-DGSPR\/09<\/p>\n<p><strong>PREFECTURA NAVAL ARGENTINA DIRECCION DE POLICIA DE SEGURIDAD Y JUDICIAL<\/strong><br \/>Inscripci\u00f3n: N\u00ba 980<\/p>\n<p><strong>POLIC\u00cdA DE LA PROVINCIA DE BS. AS.<\/strong><br \/>Resoluci\u00f3n: N\u00ba: 003964<\/p>\n<p>\u00a0<\/p>\n<p style=\"text-align: center;\"><strong>INSCRIPCIONES:<\/strong><\/p>\n<p style=\"text-align: center;\"><strong>ASEGURADORA DE RIESGO DE TRABAJO<\/strong> &#8211; CONSOLIDAR &#8211; FILIACION N\u00ba 095221<\/p>\n<p style=\"text-align: center;\"><strong>SEGURO DE VIDA OBLIGATORIO<\/strong> &#8211; SMG LIFE &#8211; POLIZA N\u00ba 5672<\/p>\n<p style=\"text-align: center;\"><strong>RESPONSABILIDAD CIVIL<\/strong> &#8211; BERKLEY INTERNATIONAL SEGUROS &#8211; POLIZA N\u00ba 22.874<\/p>\n<p style=\"text-align: center;\"><strong>CONVENIO MULTILATERAL<\/strong> &#8211; Ingresos Brutos N\u00ba: 901-051579-6<\/p>\n<p style=\"text-align: center;\"><strong>A.F.I.P.<\/strong> &#8211; DIRECCI\u00d3N GENERAL IMPOSITIVA &#8211; Clave \u00danica de Identificaci\u00f3n Tributaria. N\u00ba: 30-70759475-2<\/p>\n\n\n<p><\/p>\n","protected":false},"excerpt":{"rendered":"<p>Esteban Echeverr\u00eda 2864 Munro (1605) Tel: 011 4756-5691 Tel: 011 4756-1435 Email: info@roadseguridad.com.ar ASESORES LEGALES LABORALESESTUDIO DR. N\u00c9STOR GUTI\u00c9RREZ. Lavalle 1737. 7\u00ba Piso. Capital Federal.IMPOSITIVOS CONTABLESESTUDIO DR. ANTONIO RIESCO Alsina 1317 P.2\u00ba Of. \u201c10\u201d Capital Federal. REFERENCIAS BANCARIASH.S.B.C. Sucursal la Piedad (661). Capital Federal. CUENTA N\u00ba 6613205694 HABILITACIONES LEGALES:DIRECCION GENERAL DE SERVICIOS DE SEGURIDAD PRIVADADisposici\u00f3n: [&hellip;]<\/p>\n","protected":false},"author":1,"featured_media":0,"parent":0,"menu_order":4,"comment_status":"open","ping_status":"open","template":"","meta":[],"yoast_head":"<!-- This site is optimized with the Yoast SEO plugin v18.0 - https:\/\/yoast.com\/wordpress\/plugins\/seo\/ -->\n<meta name=\"robots\" content=\"index, follow, max-snippet:-1, max-image-preview:large, max-video-preview:-1\" \/>\n<link rel=\"canonical\" href=\"https:\/\/roadseguridad.com.ar\/wp_files\/contacto\" \/>\n<meta property=\"og:locale\" content=\"es_ES\" \/>\n<meta property=\"og:type\" content=\"article\" \/>\n<meta property=\"og:title\" content=\"Contacto - Road Seguridad\" \/>\n<meta property=\"og:description\" content=\"Esteban Echeverr\u00eda 2864 Munro (1605) Tel: 011 4756-5691 Tel: 011 4756-1435 Email: info@roadseguridad.com.ar ASESORES LEGALES LABORALESESTUDIO DR. N\u00c9STOR GUTI\u00c9RREZ. Lavalle 1737. 7\u00ba Piso. Capital Federal.IMPOSITIVOS CONTABLESESTUDIO DR. ANTONIO RIESCO Alsina 1317 P.2\u00ba Of. \u201c10\u201d Capital Federal. REFERENCIAS BANCARIASH.S.B.C. Sucursal la Piedad (661). Capital Federal. CUENTA N\u00ba 6613205694 HABILITACIONES LEGALES:DIRECCION GENERAL DE SERVICIOS DE SEGURIDAD PRIVADADisposici\u00f3n: [&hellip;]\" \/>\n<meta property=\"og:url\" content=\"https:\/\/roadseguridad.com.ar\/wp_files\/contacto\" \/>\n<meta property=\"og:site_name\" content=\"Road Seguridad\" \/>\n<meta property=\"article:modified_time\" content=\"2022-01-09T08:41:05+00:00\" \/>\n<meta name=\"twitter:label1\" content=\"Tiempo de lectura\" \/>\n\t<meta name=\"twitter:data1\" content=\"1 minuto\" \/>\n<script type=\"application\/ld+json\" class=\"yoast-schema-graph\">{\"@context\":\"https:\/\/schema.org\",\"@graph\":[{\"@type\":\"WebSite\",\"@id\":\"https:\/\/roadseguridad.com.ar\/wp_files\/#website\",\"url\":\"https:\/\/roadseguridad.com.ar\/wp_files\/\",\"name\":\"Road Seguridad\",\"description\":\"Toda nuestra experiencia al servicio de su tranquildad\",\"potentialAction\":[{\"@type\":\"SearchAction\",\"target\":{\"@type\":\"EntryPoint\",\"urlTemplate\":\"https:\/\/roadseguridad.com.ar\/wp_files\/?s={search_term_string}\"},\"query-input\":\"required name=search_term_string\"}],\"inLanguage\":\"es-AR\"},{\"@type\":\"WebPage\",\"@id\":\"https:\/\/roadseguridad.com.ar\/wp_files\/contacto#webpage\",\"url\":\"https:\/\/roadseguridad.com.ar\/wp_files\/contacto\",\"name\":\"Contacto - Road Seguridad\",\"isPartOf\":{\"@id\":\"https:\/\/roadseguridad.com.ar\/wp_files\/#website\"},\"datePublished\":\"2011-04-29T21:07:16+00:00\",\"dateModified\":\"2022-01-09T08:41:05+00:00\",\"breadcrumb\":{\"@id\":\"https:\/\/roadseguridad.com.ar\/wp_files\/contacto#breadcrumb\"},\"inLanguage\":\"es-AR\",\"potentialAction\":[{\"@type\":\"ReadAction\",\"target\":[\"https:\/\/roadseguridad.com.ar\/wp_files\/contacto\"]}]},{\"@type\":\"BreadcrumbList\",\"@id\":\"https:\/\/roadseguridad.com.ar\/wp_files\/contacto#breadcrumb\",\"itemListElement\":[{\"@type\":\"ListItem\",\"position\":1,\"name\":\"Contacto\"}]}]}<\/script>\n<!-- \/ Yoast SEO plugin. -->","yoast_head_json":{"robots":{"index":"index","follow":"follow","max-snippet":"max-snippet:-1","max-image-preview":"max-image-preview:large","max-video-preview":"max-video-preview:-1"},"canonical":"https:\/\/roadseguridad.com.ar\/wp_files\/contacto","og_locale":"es_ES","og_type":"article","og_title":"Contacto - Road Seguridad","og_description":"Esteban Echeverr\u00eda 2864 Munro (1605) Tel: 011 4756-5691 Tel: 011 4756-1435 Email: info@roadseguridad.com.ar ASESORES LEGALES LABORALESESTUDIO DR. N\u00c9STOR GUTI\u00c9RREZ. Lavalle 1737. 7\u00ba Piso. Capital Federal.IMPOSITIVOS CONTABLESESTUDIO DR. ANTONIO RIESCO Alsina 1317 P.2\u00ba Of. \u201c10\u201d Capital Federal. REFERENCIAS BANCARIASH.S.B.C. Sucursal la Piedad (661). Capital Federal. CUENTA N\u00ba 6613205694 HABILITACIONES LEGALES:DIRECCION GENERAL DE SERVICIOS DE SEGURIDAD PRIVADADisposici\u00f3n: [&hellip;]","og_url":"https:\/\/roadseguridad.com.ar\/wp_files\/contacto","og_site_name":"Road Seguridad","article_modified_time":"2022-01-09T08:41:05+00:00","twitter_misc":{"Tiempo de lectura":"1 minuto"},"schema":{"@context":"https:\/\/schema.org","@graph":[{"@type":"WebSite","@id":"https:\/\/roadseguridad.com.ar\/wp_files\/#website","url":"https:\/\/roadseguridad.com.ar\/wp_files\/","name":"Road Seguridad","description":"Toda nuestra experiencia al servicio de su tranquildad","potentialAction":[{"@type":"SearchAction","target":{"@type":"EntryPoint","urlTemplate":"https:\/\/roadseguridad.com.ar\/wp_files\/?s={search_term_string}"},"query-input":"required name=search_term_string"}],"inLanguage":"es-AR"},{"@type":"WebPage","@id":"https:\/\/roadseguridad.com.ar\/wp_files\/contacto#webpage","url":"https:\/\/roadseguridad.com.ar\/wp_files\/contacto","name":"Contacto - Road Seguridad","isPartOf":{"@id":"https:\/\/roadseguridad.com.ar\/wp_files\/#website"},"datePublished":"2011-04-29T21:07:16+00:00","dateModified":"2022-01-09T08:41:05+00:00","breadcrumb":{"@id":"https:\/\/roadseguridad.com.ar\/wp_files\/contacto#breadcrumb"},"inLanguage":"es-AR","potentialAction":[{"@type":"ReadAction","target":["https:\/\/roadseguridad.com.ar\/wp_files\/contacto"]}]},{"@type":"BreadcrumbList","@id":"https:\/\/roadseguridad.com.ar\/wp_files\/contacto#breadcrumb","itemListElement":[{"@type":"ListItem","position":1,"name":"Contacto"}]}]}},"_links":{"self":[{"href":"https:\/\/roadseguridad.com.ar\/wp_files\/wp-json\/wp\/v2\/pages\/17"}],"collection":[{"href":"https:\/\/roadseguridad.com.ar\/wp_files\/wp-json\/wp\/v2\/pages"}],"about":[{"href":"https:\/\/roadseguridad.com.ar\/wp_files\/wp-json\/wp\/v2\/types\/page"}],"author":[{"embeddable":true,"href":"https:\/\/roadseguridad.com.ar\/wp_files\/wp-json\/wp\/v2\/users\/1"}],"replies":[{"embeddable":true,"href":"https:\/\/roadseguridad.com.ar\/wp_files\/wp-json\/wp\/v2\/comments?post=17"}],"version-history":[{"count":11,"href":"https:\/\/roadseguridad.com.ar\/wp_files\/wp-json\/wp\/v2\/pages\/17\/revisions"}],"predecessor-version":[{"id":70,"href":"https:\/\/roadseguridad.com.ar\/wp_files\/wp-json\/wp\/v2\/pages\/17\/revisions\/70"}],"wp:attachment":[{"href":"https:\/\/roadseguridad.com.ar\/wp_files\/wp-json\/wp\/v2\/media?parent=17"}],"curies":[{"name":"wp","href":"https:\/\/api.w.org\/{rel}","templated":true}]}}