{"id":13,"date":"2011-04-29T21:06:36","date_gmt":"2011-04-29T21:06:36","guid":{"rendered":"http:\/\/roadseguridad.com.ar\/wp_files\/?page_id=13"},"modified":"2011-04-29T21:06:36","modified_gmt":"2011-04-29T21:06:36","slug":"servicios","status":"publish","type":"page","link":"https:\/\/roadseguridad.com.ar\/wp_files\/servicios","title":{"rendered":"Servicios"},"content":{"rendered":"<p>Se cuenta con medios materiales y humanos como para ofrecer, con eficiencia, los siguientes Servicios:<\/p>\n<p><strong>SEGURIDAD OPERATIVA (Vigilancia).<\/strong><\/p>\n<ul>\n<li>Bancos, Embajadas, Comercios, Industrias, Hospitales, Cl\u00ednicas,  Locales Bailables.<\/li>\n<li>Consorcios, Convenciones, Eventos Deportivos o Culturales.<\/li>\n<li>Con unidades m\u00f3viles.<\/li>\n<li>Guardias Especiales de Seguridad. (Eventos Masivos)<\/li>\n<li>Custodia de Directivos o Ejecutivos.<\/li>\n<li>Vigilancia de mercader\u00eda en tr\u00e1nsito.<\/li>\n<li>Custodia y Traslado de valores y\/o documentaci\u00f3n \u201cconfidencial\u201d.<\/li>\n<\/ul>\n<p><strong>INTELIGENCIA<\/strong><\/p>\n<ul>\n<li>Confecci\u00f3n de Estudios de Seguridad de objetivos.<\/li>\n<li>Confecci\u00f3n de Informes  personales, legales, laborales y comerciales.<\/li>\n<li>Inteligencia en delitos a nivel ejecutivos.<\/li>\n<li>Infiltraciones.<\/li>\n<li>Informes Ambientales.<\/li>\n<li>Averiguaci\u00f3n de Paraderos.<\/li>\n<li>Encuesta de imagen y credibilidad empresaria reservada o abierta.<\/li>\n<li>Preservaci\u00f3n del Secreto empresario.<\/li>\n<li>T\u00e9cnicas de Prevenci\u00f3n y lucha contra incendios.<\/li>\n<\/ul>\n<p><strong>PERSONAL, EQUIPOS, ARMAMENTO<\/strong><br \/>\nNuestra Empresa asume total responsabilidad respecto de su personal cumpliendo todos los requisitos que disponen las Leyes Laborales, as\u00ed como la Contrataci\u00f3n de Seguros de Vida y Accidentes de Trabajo. El mismo, destinado a un objetivo, cuando as\u00ed lo determina el Convenio suscrito y siempre en acuerdo con las reglamentaciones vigentes, podr\u00e1 ser equipado con:<br \/>\nUniforme, de diversos tipos y modelos.\t\t\t\tArma de pu\u00f1o\t\t\t\t\t\t\tSistemas de defensa paralizantes\t\t\t\t\tEquipos de comunicaci\u00f3n\t\t\t\t\t\tLibro de Novedades\tEsposasArma LargaBast\u00f3n de seguridadLinternasEtc..<br \/>\nAdem\u00e1s se poseen automotores, de distintas marcas y modelos, destinados a la supervisi\u00f3n de los objetivos y\/o de apoyo o seguimiento, de acuerdo con la solicitud que se formule o necesidad que lo justifique.<\/p>\n<p><strong>COSTO DE LOS SERVICIOS<\/strong><br \/>\nEn materia de \u201cSeguridad Preventiva\u201d la experiencia indica que la meta de todo sistema debe resolverse log\u00edstica, t\u00e9cnica y operativamente, a fin de brindar adecuada protecci\u00f3n, que no resulte complicada en su cumplimiento ni onerosa, y que tenga el m\u00e1ximo de seguridad, compatible con el tipo de Servicio contratado. Para ello se impone, previamente, una visita del objetivo a cubrir y evaluar su relaci\u00f3n con las aspiraciones del cliente. Por eso entendemos que se ci\u00f1en al costo adecuado a un Servicio profesional.<\/p>\n<p><strong>COBERTURAS DE LOS SERVICIOS<\/strong><br \/>\n<strong>SEGURIDAD PASIVA:<\/strong> Control de consolas de Seguridad, monitoreo y todo lo que tenga que ver con equipos electr\u00f3nicos de alarma y aviso.<\/p>\n<p><strong>SEGURIDAD ACTIVA:<\/strong> Comprende a todo el personal afectado a Seguridad debidamente capacitado para la tarea asignada.<\/p>\n","protected":false},"excerpt":{"rendered":"<p>Se cuenta con medios materiales y humanos como para ofrecer, con eficiencia, los siguientes Servicios: SEGURIDAD OPERATIVA (Vigilancia). Bancos, Embajadas, Comercios, Industrias, Hospitales, Cl\u00ednicas, Locales Bailables. Consorcios, Convenciones, Eventos Deportivos o Culturales. Con unidades m\u00f3viles. Guardias Especiales de Seguridad. (Eventos Masivos) Custodia de Directivos o Ejecutivos. Vigilancia de mercader\u00eda en tr\u00e1nsito. Custodia y Traslado de [&hellip;]<\/p>\n","protected":false},"author":1,"featured_media":0,"parent":0,"menu_order":0,"comment_status":"open","ping_status":"open","template":"","meta":[],"yoast_head":"<!-- This site is optimized with the Yoast SEO plugin v18.0 - https:\/\/yoast.com\/wordpress\/plugins\/seo\/ -->\n<meta name=\"robots\" content=\"index, follow, max-snippet:-1, max-image-preview:large, max-video-preview:-1\" \/>\n<link rel=\"canonical\" href=\"https:\/\/roadseguridad.com.ar\/wp_files\/servicios\" \/>\n<meta property=\"og:locale\" content=\"es_ES\" \/>\n<meta property=\"og:type\" content=\"article\" \/>\n<meta property=\"og:title\" content=\"Servicios - Road Seguridad\" \/>\n<meta property=\"og:description\" content=\"Se cuenta con medios materiales y humanos como para ofrecer, con eficiencia, los siguientes Servicios: SEGURIDAD OPERATIVA (Vigilancia). Bancos, Embajadas, Comercios, Industrias, Hospitales, Cl\u00ednicas, Locales Bailables. Consorcios, Convenciones, Eventos Deportivos o Culturales. Con unidades m\u00f3viles. Guardias Especiales de Seguridad. (Eventos Masivos) Custodia de Directivos o Ejecutivos. Vigilancia de mercader\u00eda en tr\u00e1nsito. Custodia y Traslado de [&hellip;]\" \/>\n<meta property=\"og:url\" content=\"https:\/\/roadseguridad.com.ar\/wp_files\/servicios\" \/>\n<meta property=\"og:site_name\" content=\"Road Seguridad\" \/>\n<meta name=\"twitter:label1\" content=\"Tiempo de lectura\" \/>\n\t<meta name=\"twitter:data1\" content=\"2 minutos\" \/>\n<script type=\"application\/ld+json\" class=\"yoast-schema-graph\">{\"@context\":\"https:\/\/schema.org\",\"@graph\":[{\"@type\":\"WebSite\",\"@id\":\"https:\/\/roadseguridad.com.ar\/wp_files\/#website\",\"url\":\"https:\/\/roadseguridad.com.ar\/wp_files\/\",\"name\":\"Road Seguridad\",\"description\":\"Toda nuestra experiencia al servicio de su tranquildad\",\"potentialAction\":[{\"@type\":\"SearchAction\",\"target\":{\"@type\":\"EntryPoint\",\"urlTemplate\":\"https:\/\/roadseguridad.com.ar\/wp_files\/?s={search_term_string}\"},\"query-input\":\"required name=search_term_string\"}],\"inLanguage\":\"es-AR\"},{\"@type\":\"WebPage\",\"@id\":\"https:\/\/roadseguridad.com.ar\/wp_files\/servicios#webpage\",\"url\":\"https:\/\/roadseguridad.com.ar\/wp_files\/servicios\",\"name\":\"Servicios - Road Seguridad\",\"isPartOf\":{\"@id\":\"https:\/\/roadseguridad.com.ar\/wp_files\/#website\"},\"datePublished\":\"2011-04-29T21:06:36+00:00\",\"dateModified\":\"2011-04-29T21:06:36+00:00\",\"breadcrumb\":{\"@id\":\"https:\/\/roadseguridad.com.ar\/wp_files\/servicios#breadcrumb\"},\"inLanguage\":\"es-AR\",\"potentialAction\":[{\"@type\":\"ReadAction\",\"target\":[\"https:\/\/roadseguridad.com.ar\/wp_files\/servicios\"]}]},{\"@type\":\"BreadcrumbList\",\"@id\":\"https:\/\/roadseguridad.com.ar\/wp_files\/servicios#breadcrumb\",\"itemListElement\":[{\"@type\":\"ListItem\",\"position\":1,\"name\":\"Servicios\"}]}]}<\/script>\n<!-- \/ Yoast SEO plugin. -->","yoast_head_json":{"robots":{"index":"index","follow":"follow","max-snippet":"max-snippet:-1","max-image-preview":"max-image-preview:large","max-video-preview":"max-video-preview:-1"},"canonical":"https:\/\/roadseguridad.com.ar\/wp_files\/servicios","og_locale":"es_ES","og_type":"article","og_title":"Servicios - Road Seguridad","og_description":"Se cuenta con medios materiales y humanos como para ofrecer, con eficiencia, los siguientes Servicios: SEGURIDAD OPERATIVA (Vigilancia). Bancos, Embajadas, Comercios, Industrias, Hospitales, Cl\u00ednicas, Locales Bailables. Consorcios, Convenciones, Eventos Deportivos o Culturales. Con unidades m\u00f3viles. Guardias Especiales de Seguridad. (Eventos Masivos) Custodia de Directivos o Ejecutivos. Vigilancia de mercader\u00eda en tr\u00e1nsito. Custodia y Traslado de [&hellip;]","og_url":"https:\/\/roadseguridad.com.ar\/wp_files\/servicios","og_site_name":"Road Seguridad","twitter_misc":{"Tiempo de lectura":"2 minutos"},"schema":{"@context":"https:\/\/schema.org","@graph":[{"@type":"WebSite","@id":"https:\/\/roadseguridad.com.ar\/wp_files\/#website","url":"https:\/\/roadseguridad.com.ar\/wp_files\/","name":"Road Seguridad","description":"Toda nuestra experiencia al servicio de su tranquildad","potentialAction":[{"@type":"SearchAction","target":{"@type":"EntryPoint","urlTemplate":"https:\/\/roadseguridad.com.ar\/wp_files\/?s={search_term_string}"},"query-input":"required name=search_term_string"}],"inLanguage":"es-AR"},{"@type":"WebPage","@id":"https:\/\/roadseguridad.com.ar\/wp_files\/servicios#webpage","url":"https:\/\/roadseguridad.com.ar\/wp_files\/servicios","name":"Servicios - Road Seguridad","isPartOf":{"@id":"https:\/\/roadseguridad.com.ar\/wp_files\/#website"},"datePublished":"2011-04-29T21:06:36+00:00","dateModified":"2011-04-29T21:06:36+00:00","breadcrumb":{"@id":"https:\/\/roadseguridad.com.ar\/wp_files\/servicios#breadcrumb"},"inLanguage":"es-AR","potentialAction":[{"@type":"ReadAction","target":["https:\/\/roadseguridad.com.ar\/wp_files\/servicios"]}]},{"@type":"BreadcrumbList","@id":"https:\/\/roadseguridad.com.ar\/wp_files\/servicios#breadcrumb","itemListElement":[{"@type":"ListItem","position":1,"name":"Servicios"}]}]}},"_links":{"self":[{"href":"https:\/\/roadseguridad.com.ar\/wp_files\/wp-json\/wp\/v2\/pages\/13"}],"collection":[{"href":"https:\/\/roadseguridad.com.ar\/wp_files\/wp-json\/wp\/v2\/pages"}],"about":[{"href":"https:\/\/roadseguridad.com.ar\/wp_files\/wp-json\/wp\/v2\/types\/page"}],"author":[{"embeddable":true,"href":"https:\/\/roadseguridad.com.ar\/wp_files\/wp-json\/wp\/v2\/users\/1"}],"replies":[{"embeddable":true,"href":"https:\/\/roadseguridad.com.ar\/wp_files\/wp-json\/wp\/v2\/comments?post=13"}],"version-history":[{"count":1,"href":"https:\/\/roadseguridad.com.ar\/wp_files\/wp-json\/wp\/v2\/pages\/13\/revisions"}],"predecessor-version":[{"id":14,"href":"https:\/\/roadseguridad.com.ar\/wp_files\/wp-json\/wp\/v2\/pages\/13\/revisions\/14"}],"wp:attachment":[{"href":"https:\/\/roadseguridad.com.ar\/wp_files\/wp-json\/wp\/v2\/media?parent=13"}],"curies":[{"name":"wp","href":"https:\/\/api.w.org\/{rel}","templated":true}]}}