{"id":11,"date":"2011-04-29T20:26:41","date_gmt":"2011-04-29T20:26:41","guid":{"rendered":"http:\/\/roadseguridad.com.ar\/wp_files\/?page_id=11"},"modified":"2022-01-07T16:08:04","modified_gmt":"2022-01-07T16:08:04","slug":"quienes-somos","status":"publish","type":"page","link":"https:\/\/roadseguridad.com.ar\/wp_files\/quienes-somos","title":{"rendered":"Quienes Somos"},"content":{"rendered":"<p><strong>ORGANIZACI\u00d3N INTERNA<\/strong><br \/>\nTanto los componentes de la firma como sus asesores, poseen una vasta experiencia en servicios de Seguridad, consecuencia de su actuaci\u00f3n a trav\u00e9s de los a\u00f1os en instituciones o empresas de servicios afines.<\/p>\n<p><strong>SOCIOS GERENTES<\/strong><br \/>\nEs su responsabilidad la administraci\u00f3n y organizaci\u00f3n de la Empresa, en cuanto atender su faz comercial.<\/p>\n<p><strong>ASESOR\u00cdA JUR\u00cdDICA<\/strong><br \/>\nEst\u00e1 representada por profesionales de amplia experiencia en la materia, para atender todo lo relativo a las cuestiones laborales que puedan suscitarse.<\/p>\n<p><strong>DEPARTAMENTO OPERATIVO<\/strong><br \/>\nSe entiende que el \u00e1rea que comprende este Departamento es una de las de mayor importancia, pues de la eficacia de la presentaci\u00f3n de los Servicios por parte del personal afectado, depender\u00e1 la imagen de la Empresa y, consecuentemente, su proyecci\u00f3n positiva o no en el mercado. Tambi\u00e9n cuenta para la supervisi\u00f3n y control de los servicios, con personal altamente capacitado para la funci\u00f3n.<\/p>\n<p><strong>DIRECTOR T\u00c9CNICO EJECUTIVO<\/strong><br \/>\nSu funci\u00f3n responde al asesoramiento y conducci\u00f3n t\u00e9cnica de la Empresa, as\u00ed como la responsabilidad y cumplimiento de las normas legales vigentes ante la Autoridad de Fiscalizaci\u00f3n.<\/p>\n<p><strong>DIRECCI\u00d3N EJECUTIVA<\/strong><br \/>\n<strong>PRESIDENTE:<\/strong> CARLOS ALBERTO ENRIQUE<br \/>\n<strong>DIRECTOR T\u00c9CNICO:<\/strong> HIDALGO DARIO GABRIEL<br \/>\n<strong>DIRECTOR GENERAL:<\/strong> MARCELO NESTOR COLDESINA<\/p>\n<p><strong>GERENCIAS DEPARTAMENTALES<br \/>\nRECURSOS HUMANOS: <\/strong>MARTIN ANDRES AMARO<br \/>\n<strong>OPERATIVA: <\/strong>GUILLERMO ARIEL ROMANO<br \/>\n<strong>ADMINISTRATIVA: <\/strong>MARTIN COLDESINA y SERGIO SANCHEZ MARIANI<\/p>\n","protected":false},"excerpt":{"rendered":"<p>ORGANIZACI\u00d3N INTERNA Tanto los componentes de la firma como sus asesores, poseen una vasta experiencia en servicios de Seguridad, consecuencia de su actuaci\u00f3n a trav\u00e9s de los a\u00f1os en instituciones o empresas de servicios afines. SOCIOS GERENTES Es su responsabilidad la administraci\u00f3n y organizaci\u00f3n de la Empresa, en cuanto atender su faz comercial. ASESOR\u00cdA JUR\u00cdDICA [&hellip;]<\/p>\n","protected":false},"author":1,"featured_media":0,"parent":0,"menu_order":0,"comment_status":"open","ping_status":"open","template":"","meta":[],"yoast_head":"<!-- This site is optimized with the Yoast SEO plugin v18.0 - https:\/\/yoast.com\/wordpress\/plugins\/seo\/ -->\n<meta name=\"robots\" content=\"index, follow, max-snippet:-1, max-image-preview:large, max-video-preview:-1\" \/>\n<link rel=\"canonical\" href=\"https:\/\/roadseguridad.com.ar\/wp_files\/quienes-somos\" \/>\n<meta property=\"og:locale\" content=\"es_ES\" \/>\n<meta property=\"og:type\" content=\"article\" \/>\n<meta property=\"og:title\" content=\"Quienes Somos - Road Seguridad\" \/>\n<meta property=\"og:description\" content=\"ORGANIZACI\u00d3N INTERNA Tanto los componentes de la firma como sus asesores, poseen una vasta experiencia en servicios de Seguridad, consecuencia de su actuaci\u00f3n a trav\u00e9s de los a\u00f1os en instituciones o empresas de servicios afines. SOCIOS GERENTES Es su responsabilidad la administraci\u00f3n y organizaci\u00f3n de la Empresa, en cuanto atender su faz comercial. ASESOR\u00cdA JUR\u00cdDICA [&hellip;]\" \/>\n<meta property=\"og:url\" content=\"https:\/\/roadseguridad.com.ar\/wp_files\/quienes-somos\" \/>\n<meta property=\"og:site_name\" content=\"Road Seguridad\" \/>\n<meta property=\"article:modified_time\" content=\"2022-01-07T16:08:04+00:00\" \/>\n<meta name=\"twitter:label1\" content=\"Tiempo de lectura\" \/>\n\t<meta name=\"twitter:data1\" content=\"1 minuto\" \/>\n<script type=\"application\/ld+json\" class=\"yoast-schema-graph\">{\"@context\":\"https:\/\/schema.org\",\"@graph\":[{\"@type\":\"WebSite\",\"@id\":\"https:\/\/roadseguridad.com.ar\/wp_files\/#website\",\"url\":\"https:\/\/roadseguridad.com.ar\/wp_files\/\",\"name\":\"Road Seguridad\",\"description\":\"Toda nuestra experiencia al servicio de su tranquildad\",\"potentialAction\":[{\"@type\":\"SearchAction\",\"target\":{\"@type\":\"EntryPoint\",\"urlTemplate\":\"https:\/\/roadseguridad.com.ar\/wp_files\/?s={search_term_string}\"},\"query-input\":\"required name=search_term_string\"}],\"inLanguage\":\"es-AR\"},{\"@type\":\"WebPage\",\"@id\":\"https:\/\/roadseguridad.com.ar\/wp_files\/quienes-somos#webpage\",\"url\":\"https:\/\/roadseguridad.com.ar\/wp_files\/quienes-somos\",\"name\":\"Quienes Somos - Road Seguridad\",\"isPartOf\":{\"@id\":\"https:\/\/roadseguridad.com.ar\/wp_files\/#website\"},\"datePublished\":\"2011-04-29T20:26:41+00:00\",\"dateModified\":\"2022-01-07T16:08:04+00:00\",\"breadcrumb\":{\"@id\":\"https:\/\/roadseguridad.com.ar\/wp_files\/quienes-somos#breadcrumb\"},\"inLanguage\":\"es-AR\",\"potentialAction\":[{\"@type\":\"ReadAction\",\"target\":[\"https:\/\/roadseguridad.com.ar\/wp_files\/quienes-somos\"]}]},{\"@type\":\"BreadcrumbList\",\"@id\":\"https:\/\/roadseguridad.com.ar\/wp_files\/quienes-somos#breadcrumb\",\"itemListElement\":[{\"@type\":\"ListItem\",\"position\":1,\"name\":\"Quienes Somos\"}]}]}<\/script>\n<!-- \/ Yoast SEO plugin. -->","yoast_head_json":{"robots":{"index":"index","follow":"follow","max-snippet":"max-snippet:-1","max-image-preview":"max-image-preview:large","max-video-preview":"max-video-preview:-1"},"canonical":"https:\/\/roadseguridad.com.ar\/wp_files\/quienes-somos","og_locale":"es_ES","og_type":"article","og_title":"Quienes Somos - Road Seguridad","og_description":"ORGANIZACI\u00d3N INTERNA Tanto los componentes de la firma como sus asesores, poseen una vasta experiencia en servicios de Seguridad, consecuencia de su actuaci\u00f3n a trav\u00e9s de los a\u00f1os en instituciones o empresas de servicios afines. SOCIOS GERENTES Es su responsabilidad la administraci\u00f3n y organizaci\u00f3n de la Empresa, en cuanto atender su faz comercial. ASESOR\u00cdA JUR\u00cdDICA [&hellip;]","og_url":"https:\/\/roadseguridad.com.ar\/wp_files\/quienes-somos","og_site_name":"Road Seguridad","article_modified_time":"2022-01-07T16:08:04+00:00","twitter_misc":{"Tiempo de lectura":"1 minuto"},"schema":{"@context":"https:\/\/schema.org","@graph":[{"@type":"WebSite","@id":"https:\/\/roadseguridad.com.ar\/wp_files\/#website","url":"https:\/\/roadseguridad.com.ar\/wp_files\/","name":"Road Seguridad","description":"Toda nuestra experiencia al servicio de su tranquildad","potentialAction":[{"@type":"SearchAction","target":{"@type":"EntryPoint","urlTemplate":"https:\/\/roadseguridad.com.ar\/wp_files\/?s={search_term_string}"},"query-input":"required name=search_term_string"}],"inLanguage":"es-AR"},{"@type":"WebPage","@id":"https:\/\/roadseguridad.com.ar\/wp_files\/quienes-somos#webpage","url":"https:\/\/roadseguridad.com.ar\/wp_files\/quienes-somos","name":"Quienes Somos - Road Seguridad","isPartOf":{"@id":"https:\/\/roadseguridad.com.ar\/wp_files\/#website"},"datePublished":"2011-04-29T20:26:41+00:00","dateModified":"2022-01-07T16:08:04+00:00","breadcrumb":{"@id":"https:\/\/roadseguridad.com.ar\/wp_files\/quienes-somos#breadcrumb"},"inLanguage":"es-AR","potentialAction":[{"@type":"ReadAction","target":["https:\/\/roadseguridad.com.ar\/wp_files\/quienes-somos"]}]},{"@type":"BreadcrumbList","@id":"https:\/\/roadseguridad.com.ar\/wp_files\/quienes-somos#breadcrumb","itemListElement":[{"@type":"ListItem","position":1,"name":"Quienes Somos"}]}]}},"_links":{"self":[{"href":"https:\/\/roadseguridad.com.ar\/wp_files\/wp-json\/wp\/v2\/pages\/11"}],"collection":[{"href":"https:\/\/roadseguridad.com.ar\/wp_files\/wp-json\/wp\/v2\/pages"}],"about":[{"href":"https:\/\/roadseguridad.com.ar\/wp_files\/wp-json\/wp\/v2\/types\/page"}],"author":[{"embeddable":true,"href":"https:\/\/roadseguridad.com.ar\/wp_files\/wp-json\/wp\/v2\/users\/1"}],"replies":[{"embeddable":true,"href":"https:\/\/roadseguridad.com.ar\/wp_files\/wp-json\/wp\/v2\/comments?post=11"}],"version-history":[{"count":4,"href":"https:\/\/roadseguridad.com.ar\/wp_files\/wp-json\/wp\/v2\/pages\/11\/revisions"}],"predecessor-version":[{"id":64,"href":"https:\/\/roadseguridad.com.ar\/wp_files\/wp-json\/wp\/v2\/pages\/11\/revisions\/64"}],"wp:attachment":[{"href":"https:\/\/roadseguridad.com.ar\/wp_files\/wp-json\/wp\/v2\/media?parent=11"}],"curies":[{"name":"wp","href":"https:\/\/api.w.org\/{rel}","templated":true}]}}